{"id":47,"date":"2025-01-17T12:23:52","date_gmt":"2025-01-17T12:23:52","guid":{"rendered":"https:\/\/daxs.com\/?page_id=47"},"modified":"2026-04-02T03:25:22","modified_gmt":"2026-04-02T03:25:22","slug":"daxs-fieldservices","status":"publish","type":"page","link":"https:\/\/www2.land-oberoesterreich.com\/de\/daxs-fieldservices\/","title":{"rendered":"DAXS FieldServices"},"content":{"rendered":"<p>[et_pb_section fb_built=&#8221;1&#8243; inner_shadow=&#8221;on&#8221; admin_label=&#8221;Hero&#8221; _builder_version=&#8221;4.27.4&#8243; _module_preset=&#8221;default&#8221; background_enable_color=&#8221;off&#8221; background_image=&#8221;https:\/\/daxs.com\/wp-content\/uploads\/2025\/02\/daxsvorort.jpg&#8221; parallax=&#8221;on&#8221; parallax_method=&#8221;off&#8221; custom_padding=&#8221;8vw||0vw||false|false&#8221; top_divider_style=&#8221;ramp2&#8243; top_divider_color=&#8221;#162C40&#8243; top_divider_height=&#8221;87px&#8221; top_divider_arrangement=&#8221;above_content&#8221; custom_css_main_element=&#8221;||&#8221; box_shadow_style=&#8221;preset3&#8243; box_shadow_horizontal=&#8221;-31px&#8221; box_shadow_color=&#8221;#162C40&#8243; locked=&#8221;off&#8221; collapsed=&#8221;on&#8221; global_colors_info=&#8221;{%22gcid-primary-color%22:%91%22background_color%22%93}&#8221;][et_pb_row column_structure=&#8221;1_2,1_2&#8243; _builder_version=&#8221;4.27.4&#8243; _module_preset=&#8221;5138c454-be54-4233-bd3b-f8e6a8747976&#8243; locked=&#8221;off&#8221; global_colors_info=&#8221;{}&#8221;][et_pb_column type=&#8221;1_2&#8243; _builder_version=&#8221;4.23.1&#8243; _module_preset=&#8221;73121f80-a3ef-4484-8763-c3f18e3c56d2&#8243; global_colors_info=&#8221;{}&#8221;][dsm_typing_effect before_typing_effect=&#8221;DAXS sorgt f\u00fcr&#8221; typing_effect=&#8221;stabile Netzwerke | reibungslose Installationen | schnelle Vor-Ort-Unterst\u00fctzung | effiziente Wartung | unterbrechungsfreien Betrieb | zuverl\u00e4ssigen IT-Support | sichere Infrastrukturen | skalierbare L\u00f6sungen | h\u00f6chste Verf\u00fcgbarkeit | professionelle Fehlerbehebung | direkte Vor-Ort-Hilfe | pr\u00e4zise Systemanalysen | optimierte Performance | vorausschauende Wartung | flexible IT-Services | schnelle Reaktionszeiten | nahtlose Integration | effiziente St\u00f6rungsbehebung | maximale Betriebssicherheit | nachhaltige IT-L\u00f6sungen&#8221; before_new_line=&#8221;on&#8221; after_typing_effect=&#8221;damit Ihre IT jederzeit funktioniert&#8221; after_new_line=&#8221;on&#8221; typing_shuffle=&#8221;on&#8221; typing_viewport=&#8221;75%&#8221; typing_cursor_color=&#8221;#F23C13&#8243; typing_background_color=&#8221;#162C40&#8243; before_typing_background_color=&#8221;#F23C13&#8243; after_typing_background_color=&#8221;#F23C13&#8243; _builder_version=&#8221;4.27.4&#8243; _module_preset=&#8221;default&#8221; header_font=&#8221;|800||on|||||&#8221; header_text_color=&#8221;#000000&#8243; header_font_size=&#8221;31px&#8221; header_line_height=&#8221;1.4em&#8221; before_text_align=&#8221;left&#8221; before_text_color=&#8221;#FFFFFF&#8221; before_font_size=&#8221;35px&#8221; typing_text_color=&#8221;#FFFFFF&#8221; after_text_align=&#8221;right&#8221; after_text_color=&#8221;#FFFFFF&#8221; background_color=&#8221;RGBA(255,255,255,0)&#8221; custom_margin=&#8221;40%||30%||false|false&#8221; custom_padding=&#8221;6px||5px||false|false&#8221; border_width_all_before=&#8221;8px&#8221; border_color_all_before=&#8221;#F23C13&#8243; border_width_all_typing=&#8221;7px&#8221; border_color_all_typing=&#8221;#162C40&#8243; border_width_all_after=&#8221;7px&#8221; border_color_all_after=&#8221;#F23C13&#8243; global_colors_info=&#8221;{}&#8221;][\/dsm_typing_effect][\/et_pb_column][et_pb_column type=&#8221;1_2&#8243; _builder_version=&#8221;4.23.1&#8243; _module_preset=&#8221;73121f80-a3ef-4484-8763-c3f18e3c56d2&#8243; global_colors_info=&#8221;{}&#8221;][\/et_pb_column][\/et_pb_row][\/et_pb_section][et_pb_section fb_built=&#8221;1&#8243; admin_label=&#8221;Services&#8221; _builder_version=&#8221;4.27.4&#8243; _module_preset=&#8221;default&#8221; background_enable_video_mp4=&#8221;off&#8221; background_video_width=&#8221;100%&#8221; custom_padding=&#8221;0px||||false|false&#8221; top_divider_color=&#8221;RGBA(255,255,255,0)&#8221; top_divider_height=&#8221;0px&#8221; hover_transition_duration=&#8221;100ms&#8221; hover_transition_speed_curve=&#8221;linear&#8221; scroll_vertical_motion=&#8221;0|100|100|100|4|0|-4&#8243; scroll_fade=&#8221;0|100|100|100|0|100|100&#8243; scroll_scaling_enable=&#8221;on&#8221; motion_trigger_start=&#8221;top&#8221; locked=&#8221;off&#8221; collapsed=&#8221;on&#8221; global_colors_info=&#8221;{}&#8221;][et_pb_row _builder_version=&#8221;4.27.4&#8243; _module_preset=&#8221;5138c454-be54-4233-bd3b-f8e6a8747976&#8243; global_colors_info=&#8221;{}&#8221;][et_pb_column type=&#8221;4_4&#8243; _builder_version=&#8221;4.17.6&#8243; _module_preset=&#8221;73121f80-a3ef-4484-8763-c3f18e3c56d2&#8243; global_colors_info=&#8221;{}&#8221;][dsm_button button_one_text=&#8221;VOR ORT&#8221; button_two_text=&#8221;WENN SIE UNS BRAUCHEN&#8221; _builder_version=&#8221;4.27.4&#8243; _module_preset=&#8221;default&#8221; custom_button_one=&#8221;on&#8221; button_one_text_color=&#8221;#FFFFFF&#8221; button_one_bg_color=&#8221;#F23C13&#8243; button_one_border_radius=&#8221;0px&#8221; button_one_use_icon=&#8221;off&#8221; custom_button_two=&#8221;on&#8221; button_two_text_color=&#8221;#FFFFFF&#8221; button_two_bg_color=&#8221;#162C40&#8243; locked=&#8221;off&#8221; global_colors_info=&#8221;{}&#8221;][\/dsm_button][ba_gradient_heading title=&#8221;DAXS FieldServices&#8221; primary_color=&#8221;#F23C13&#8243; primary_color_location=&#8221;8&#8243; secondary_color=&#8221;#750011&#8243; secondary_color_location=&#8221;52&#8243; _builder_version=&#8221;4.27.4&#8243; _module_preset=&#8221;default&#8221; title_font=&#8221;|800||||on|||&#8221; title_font_size=&#8221;3rem&#8221; title_letter_spacing=&#8221;4px&#8221; title_line_height=&#8221;1em&#8221; custom_margin=&#8221;||||false|false&#8221; custom_padding=&#8221;||||false|false&#8221; animation_style=&#8221;fade&#8221; animation_duration=&#8221;800ms&#8221; animation_starting_opacity=&#8221;23%&#8221; animation_speed_curve=&#8221;ease&#8221; locked=&#8221;off&#8221; global_colors_info=&#8221;{}&#8221;][\/ba_gradient_heading][\/et_pb_column][\/et_pb_row][et_pb_row column_structure=&#8221;1_2,1_2&#8243; _builder_version=&#8221;4.27.4&#8243; _module_preset=&#8221;5138c454-be54-4233-bd3b-f8e6a8747976&#8243; global_colors_info=&#8221;{}&#8221;][et_pb_column type=&#8221;1_2&#8243; _builder_version=&#8221;4.17.3&#8243; _module_preset=&#8221;73121f80-a3ef-4484-8763-c3f18e3c56d2&#8243; global_colors_info=&#8221;{}&#8221;][et_pb_blurb title=&#8221;Systemwartung&#8221; use_icon=&#8221;on&#8221; font_icon=&#8221;&#xf80d;||fa||900&#8243; icon_color=&#8221;gcid-secondary-color&#8221; _builder_version=&#8221;4.27.4&#8243; _module_preset=&#8221;65059203-12d3-44f6-8371-3f5cf61a0475&#8243; locked=&#8221;off&#8221; global_colors_info=&#8221;{%22gcid-36fd78a7-34bc-404d-873c-dafa34efaae5%22:%91%22image_icon_background_color%22,%22image_icon_background_color%22,%22image_icon_background_color%22%93,%22gcid-heading-color%22:%91%22header_text_color%22,%22header_text_color%22,%22header_text_color%22%93,%22gcid-body-color%22:%91%22body_text_color%22,%22body_text_color%22,%22body_text_color%22%93,%22gcid-secondary-color%22:%91%22icon_color%22%93}&#8221;]<\/p>\n<p>Regelm\u00e4\u00dfige Wartung Ihrer IT-Infrastruktur zur Sicherstellung optimaler Leistung und Verf\u00fcgbarkeit.<\/p>\n<p>[\/et_pb_blurb][et_pb_blurb title=&#8221;IT-Rollouts &#038; Umz\u00fcge&#8221; use_icon=&#8221;on&#8221; font_icon=&#8221;&#xf362;||fa||900&#8243; icon_color=&#8221;gcid-secondary-color&#8221; _builder_version=&#8221;4.27.4&#8243; _module_preset=&#8221;65059203-12d3-44f6-8371-3f5cf61a0475&#8243; locked=&#8221;off&#8221; global_colors_info=&#8221;{%22gcid-36fd78a7-34bc-404d-873c-dafa34efaae5%22:%91%22image_icon_background_color%22,%22image_icon_background_color%22,%22image_icon_background_color%22%93,%22gcid-heading-color%22:%91%22header_text_color%22,%22header_text_color%22,%22header_text_color%22%93,%22gcid-body-color%22:%91%22body_text_color%22,%22body_text_color%22,%22body_text_color%22%93,%22gcid-secondary-color%22:%91%22icon_color%22%93}&#8221;]<\/p>\n<p>Planung und Durchf\u00fchrung von IT-Rollouts, Migrationen und Standortwechseln, inklusive Transport und Neuinstallation.<\/p>\n<p>[\/et_pb_blurb][et_pb_blurb title=&#8221;24\/7 Einsatzbereitschaft&#8221; use_icon=&#8221;on&#8221; font_icon=&#8221;&#xf071;||fa||900&#8243; icon_color=&#8221;gcid-secondary-color&#8221; _builder_version=&#8221;4.27.4&#8243; _module_preset=&#8221;65059203-12d3-44f6-8371-3f5cf61a0475&#8243; locked=&#8221;off&#8221; global_colors_info=&#8221;{%22gcid-36fd78a7-34bc-404d-873c-dafa34efaae5%22:%91%22image_icon_background_color%22,%22image_icon_background_color%22,%22image_icon_background_color%22%93,%22gcid-heading-color%22:%91%22header_text_color%22,%22header_text_color%22,%22header_text_color%22%93,%22gcid-body-color%22:%91%22body_text_color%22,%22body_text_color%22,%22body_text_color%22%93,%22gcid-secondary-color%22:%91%22icon_color%22%93}&#8221;]<\/p>\n<p>Rund-um-die-Uhr-Support f\u00fcr kritische IT-Systeme, damit Ihre Gesch\u00e4ftsprozesse jederzeit stabil und sicher bleiben.<\/p>\n<p>[\/et_pb_blurb][\/et_pb_column][et_pb_column type=&#8221;1_2&#8243; _builder_version=&#8221;4.17.3&#8243; _module_preset=&#8221;73121f80-a3ef-4484-8763-c3f18e3c56d2&#8243; global_colors_info=&#8221;{}&#8221;][et_pb_blurb title=&#8221;Netzwerkoptimierung&#8221; use_icon=&#8221;on&#8221; font_icon=&#8221;&#xf6ff;||fa||900&#8243; icon_color=&#8221;gcid-secondary-color&#8221; _builder_version=&#8221;4.24.3&#8243; _module_preset=&#8221;65059203-12d3-44f6-8371-3f5cf61a0475&#8243; locked=&#8221;off&#8221; global_colors_info=&#8221;{%22gcid-36fd78a7-34bc-404d-873c-dafa34efaae5%22:%91%22image_icon_background_color%22,%22image_icon_background_color%22,%22image_icon_background_color%22%93,%22gcid-heading-color%22:%91%22header_text_color%22,%22header_text_color%22,%22header_text_color%22%93,%22gcid-body-color%22:%91%22body_text_color%22,%22body_text_color%22,%22body_text_color%22%93,%22gcid-secondary-color%22:%91%22icon_color%22%93}&#8221;]<\/p>\n<p>Verbesserung der Netzwerkleistung durch gezielte Optimierungsma\u00dfnahmen.<\/p>\n<p>[\/et_pb_blurb][et_pb_blurb title=&#8221;Remote Hands &#038; Technischer Support&#8221; use_icon=&#8221;on&#8221; font_icon=&#8221;&#xf590;||fa||900&#8243; icon_color=&#8221;gcid-secondary-color&#8221; _builder_version=&#8221;4.27.4&#8243; _module_preset=&#8221;65059203-12d3-44f6-8371-3f5cf61a0475&#8243; locked=&#8221;off&#8221; global_colors_info=&#8221;{%22gcid-36fd78a7-34bc-404d-873c-dafa34efaae5%22:%91%22image_icon_background_color%22,%22image_icon_background_color%22,%22image_icon_background_color%22%93,%22gcid-heading-color%22:%91%22header_text_color%22,%22header_text_color%22,%22header_text_color%22%93,%22gcid-body-color%22:%91%22body_text_color%22,%22body_text_color%22,%22body_text_color%22%93,%22gcid-secondary-color%22:%91%22icon_color%22%93}&#8221;]<\/p>\n<p>Umfassender Support f\u00fcr Ihre Hardware und Software, um Ausfallzeiten zu minimieren.<\/p>\n<p>[\/et_pb_blurb][et_pb_blurb title=&#8221;Schulungen&#8221; use_icon=&#8221;on&#8221; font_icon=&#8221;&#xf19d;||fa||900&#8243; icon_color=&#8221;gcid-secondary-color&#8221; _builder_version=&#8221;4.27.4&#8243; _module_preset=&#8221;65059203-12d3-44f6-8371-3f5cf61a0475&#8243; locked=&#8221;off&#8221; global_colors_info=&#8221;{%22gcid-36fd78a7-34bc-404d-873c-dafa34efaae5%22:%91%22image_icon_background_color%22,%22image_icon_background_color%22,%22image_icon_background_color%22%93,%22gcid-heading-color%22:%91%22header_text_color%22,%22header_text_color%22,%22header_text_color%22%93,%22gcid-body-color%22:%91%22body_text_color%22,%22body_text_color%22,%22body_text_color%22%93,%22gcid-secondary-color%22:%91%22icon_color%22%93}&#8221;]<\/p>\n<p>Individuelle Schulungen f\u00fcr Ihr Team oder einzelner Mitarbeiter zur effektiven Nutzung Ihrer IT-Anwendungen und Systeme.<\/p>\n<p>[\/et_pb_blurb][\/et_pb_column][\/et_pb_row][\/et_pb_section][et_pb_section fb_built=&#8221;1&#8243; admin_label=&#8221;About&#8221; _builder_version=&#8221;4.25.1&#8243; _module_preset=&#8221;default&#8221; locked=&#8221;off&#8221; collapsed=&#8221;on&#8221; global_colors_info=&#8221;{}&#8221;][et_pb_row _builder_version=&#8221;4.25.1&#8243; _module_preset=&#8221;default&#8221; global_colors_info=&#8221;{}&#8221;][et_pb_column type=&#8221;4_4&#8243; _builder_version=&#8221;4.25.1&#8243; _module_preset=&#8221;default&#8221; global_colors_info=&#8221;{}&#8221;][et_pb_heading title=&#8221;Vor-Ort-IT-Support f\u00fcr eine zuverl\u00e4ssige Infrastruktur&#8221; _builder_version=&#8221;4.27.4&#8243; _module_preset=&#8221;c33f07d9-41e0-421a-8799-5799df695cce&#8221; title_level=&#8221;h1&#8243; title_text_align=&#8221;center&#8221; title_text_color=&#8221;#F23C13&#8243; title_font_size=&#8221;30px&#8221; global_colors_info=&#8221;{}&#8221;][\/et_pb_heading][\/et_pb_column][\/et_pb_row][et_pb_row column_structure=&#8221;1_2,1_2&#8243; _builder_version=&#8221;4.27.4&#8243; _module_preset=&#8221;default&#8221; global_colors_info=&#8221;{}&#8221;][et_pb_column type=&#8221;1_2&#8243; _builder_version=&#8221;4.25.1&#8243; _module_preset=&#8221;default&#8221; global_colors_info=&#8221;{}&#8221;][et_pb_text _builder_version=&#8221;4.27.4&#8243; _module_preset=&#8221;2c55a9c4-feed-423b-9edb-ae0b5b365cac&#8221; text_font=&#8221;&#8211;et_global_body_font|&#8211;et_global_heading_font_weight|||||||&#8221; global_colors_info=&#8221;{}&#8221;]<\/p>\n<p>In der heutigen IT-Welt z\u00e4hlt nicht nur eine leistungsf\u00e4hige Infrastruktur, sondern auch schnelle und kompetente Unterst\u00fctzung vor Ort. Mit den <strong><span style=\"color: #f23c13;\">DAXS<\/span> FieldServices<\/strong> bieten wir Ihnen ma\u00dfgeschneiderte IT-Dienstleistungen, die direkt bei Ihnen oder in externen Rechenzentren durchgef\u00fchrt werden. Von der <strong>Installation und Inbetriebnahme<\/strong> neuer Hardware \u00fcber <strong>regelm\u00e4\u00dfige Wartung und Reparaturen<\/strong> bis hin zu <strong>schnellen Eingriffen durch Remote Hands<\/strong> \u2013 wir sorgen f\u00fcr einen reibungslosen Betrieb Ihrer IT-Systeme.<\/p>\n<p>Unsere Experten \u00fcbernehmen <strong>IT-Rollouts und Standortumz\u00fcge<\/strong>, indem sie Ger\u00e4te professionell demontieren, transportieren und am neuen Standort wieder betriebsbereit einrichten. Auch die <strong>Netzwerk- und Infrastrukturbetreuung<\/strong> geh\u00f6rt zu unseren Kernkompetenzen \u2013 sei es die Optimierung bestehender Strukturen oder die Implementierung neuer Systeme. Dank unseres <strong>24\/7-Supports<\/strong> stehen wir Ihnen jederzeit zur Verf\u00fcgung, um Probleme fr\u00fchzeitig zu erkennen und Ausf\u00e4lle zu vermeiden.<\/p>\n<p>Mit <strong><span style=\"color: #f23c13;\">DAXS<\/span> <\/strong><strong>FieldServices<\/strong> erhalten Sie kompetente Unterst\u00fctzung genau dort, wo sie gebraucht wird \u2013 zuverl\u00e4ssig, schnell und effizient.<\/p>\n<p>[\/et_pb_text][\/et_pb_column][et_pb_column type=&#8221;1_2&#8243; _builder_version=&#8221;4.25.1&#8243; _module_preset=&#8221;default&#8221; global_colors_info=&#8221;{}&#8221;][et_pb_image src=&#8221;https:\/\/daxs.com\/wp-content\/uploads\/2025\/02\/daxsfieldservice-e1738603353664.jpg&#8221; title_text=&#8221;daxsfieldservice&#8221; _builder_version=&#8221;4.27.4&#8243; _module_preset=&#8221;default&#8221; scroll_scaling_enable=&#8221;on&#8221; scroll_scaling=&#8221;0|60|60|100|70|100|100&#8243; scroll_blur=&#8221;0|15|75|100|10|0|0&#8243; global_colors_info=&#8221;{}&#8221;][\/et_pb_image][\/et_pb_column][\/et_pb_row][\/et_pb_section][et_pb_section fb_built=&#8221;1&#8243; admin_label=&#8221;Services&#8221; _builder_version=&#8221;4.18.0&#8243; _module_preset=&#8221;default&#8221; locked=&#8221;off&#8221; collapsed=&#8221;on&#8221; global_colors_info=&#8221;{}&#8221;][et_pb_row column_structure=&#8221;3_5,2_5&#8243; custom_padding_last_edited=&#8221;on|tablet&#8221; _builder_version=&#8221;4.27.4&#8243; _module_preset=&#8221;5138c454-be54-4233-bd3b-f8e6a8747976&#8243; use_background_color_gradient=&#8221;on&#8221; background_color_gradient_stops=&#8221;rgba(0,0,0,0.4) 0%|rgba(0,0,0,0.4) 100%&#8221; background_color_gradient_overlays_image=&#8221;on&#8221; background_image=&#8221;https:\/\/daxs.com\/wp-content\/uploads\/2025\/02\/networkeng-510&#215;382.jpg&#8221; custom_margin=&#8221;||30px||false|false&#8221; custom_padding=&#8221;6vw|60px|6vw|60px|true|true&#8221; custom_padding_tablet=&#8221;|30px||30px|true|true&#8221; custom_padding_phone=&#8221;|20px||20px|true|true&#8221; border_radii=&#8221;on|6px|6px|6px|6px&#8221; global_colors_info=&#8221;{}&#8221; disabled_on=&#8221;on|on|on&#8221; disabled=&#8221;on&#8221;][et_pb_column type=&#8221;3_5&#8243; _builder_version=&#8221;4.16.0&#8243; _module_preset=&#8221;73121f80-a3ef-4484-8763-c3f18e3c56d2&#8243; global_colors_info=&#8221;{}&#8221;][et_pb_heading title=&#8221;Unsere Dienstleistungen&#8221; _builder_version=&#8221;4.24.3&#8243; _module_preset=&#8221;c33f07d9-41e0-421a-8799-5799df695cce&#8221; title_text_color=&#8221;#FFFFFF&#8221; global_colors_info=&#8221;{}&#8221;][\/et_pb_heading][\/et_pb_column][et_pb_column type=&#8221;2_5&#8243; _builder_version=&#8221;4.16.0&#8243; _module_preset=&#8221;73121f80-a3ef-4484-8763-c3f18e3c56d2&#8243; global_colors_info=&#8221;{}&#8221;][\/et_pb_column][\/et_pb_row][et_pb_row _builder_version=&#8221;4.27.4&#8243; _module_preset=&#8221;default&#8221; hover_enabled=&#8221;0&#8243; global_colors_info=&#8221;{}&#8221; sticky_enabled=&#8221;0&#8243; disabled_on=&#8221;off|off|off&#8221;][et_pb_column type=&#8221;4_4&#8243; _builder_version=&#8221;4.27.4&#8243; _module_preset=&#8221;default&#8221; global_colors_info=&#8221;{}&#8221;][dsm_image_accordion image_accordion_animation=&#8221;push_up&#8221; image_accordion_animation_sequence=&#8221;on&#8221; ia_height=&#8221;571px&#8221; ia_icon_color=&#8221;#F23C13&#8243; disabled_on=&#8221;on|off|off&#8221; _builder_version=&#8221;4.27.4&#8243; _module_preset=&#8221;default&#8221; global_colors_info=&#8221;{}&#8221;][dsm_image_accordion_child image_accordion_src=&#8221;https:\/\/daxs.com\/wp-content\/uploads\/2025\/02\/networkeng.jpg&#8221; use_accordion_icon=&#8221;on&#8221; image_accordion_icon=&#8221;&#xf0ae;||fa||900&#8243; image_accordion_title=&#8221;Wenn jedes Kabel z\u00e4hlt&#8221; image_accordion_desc=&#8221;wir sorgen f\u00fcr eine stabile und zuverl\u00e4ssige IT-Infrastruktur&#8221; ia_icon_color=&#8221;gcid-secondary-color&#8221; use_ia_icon_font_size=&#8221;off&#8221; _builder_version=&#8221;4.27.4&#8243; _module_preset=&#8221;default&#8221; title_text_color=&#8221;#F23C13&#8243; title_font_size=&#8221;31px&#8221; desc_font_size=&#8221;19px&#8221; title_text_shadow_style=&#8221;preset3&#8243; global_colors_info=&#8221;{%22gcid-secondary-color%22:%91%22ia_icon_color%22%93}&#8221;][\/dsm_image_accordion_child][dsm_image_accordion_child image_accordion_src=&#8221;https:\/\/daxs.com\/wp-content\/uploads\/2025\/02\/photo-of-cheerful-woman-network-engineer-in-data-c-2024-10-20-15-57-13-utc.jpg&#8221; use_accordion_icon=&#8221;on&#8221; image_accordion_icon=&#8221;&#xf164;||fa||900&#8243; image_accordion_title=&#8221;IT, die einfach funktioniert&#8221; image_accordion_desc=&#8221;effizient, sicher und ohne Unterbrechungen.&#8221; ia_icon_color=&#8221;#F23C13&#8243; use_ia_icon_font_size=&#8221;off&#8221; overlay_color=&#8221;RGBA(255,255,255,0)&#8221; _builder_version=&#8221;4.27.4&#8243; _module_preset=&#8221;default&#8221; title_font=&#8221;|||on|||||&#8221; title_text_color=&#8221;#F23C13&#8243; title_font_size=&#8221;39px&#8221; global_colors_info=&#8221;{}&#8221;][\/dsm_image_accordion_child][\/dsm_image_accordion][\/et_pb_column][\/et_pb_row][\/et_pb_section][et_pb_section fb_built=&#8221;1&#8243; admin_label=&#8221;Testimonials&#8221; _builder_version=&#8221;4.17.6&#8243; _module_preset=&#8221;default&#8221; locked=&#8221;off&#8221; collapsed=&#8221;on&#8221; global_colors_info=&#8221;{}&#8221; disabled_on=&#8221;on|on|on&#8221; disabled=&#8221;on&#8221;][et_pb_row _builder_version=&#8221;4.17.6&#8243; _module_preset=&#8221;5138c454-be54-4233-bd3b-f8e6a8747976&#8243; global_colors_info=&#8221;{}&#8221;][et_pb_column type=&#8221;4_4&#8243; _builder_version=&#8221;4.16&#8243; _module_preset=&#8221;73121f80-a3ef-4484-8763-c3f18e3c56d2&#8243; global_colors_info=&#8221;{}&#8221;][et_pb_heading title=&#8221;Kundenstimmen&#8221; _builder_version=&#8221;4.24.3&#8243; _module_preset=&#8221;c33f07d9-41e0-421a-8799-5799df695cce&#8221; locked=&#8221;off&#8221; global_colors_info=&#8221;{}&#8221;][\/et_pb_heading][\/et_pb_column][\/et_pb_row][et_pb_row column_structure=&#8221;1_3,1_3,1_3&#8243; _builder_version=&#8221;4.17.6&#8243; _module_preset=&#8221;5138c454-be54-4233-bd3b-f8e6a8747976&#8243; global_colors_info=&#8221;{}&#8221; disabled_on=&#8221;off|off|off&#8221;][et_pb_column type=&#8221;1_3&#8243; _builder_version=&#8221;4.17.6&#8243; _module_preset=&#8221;73121f80-a3ef-4484-8763-c3f18e3c56d2&#8243; global_colors_info=&#8221;{}&#8221;][et_pb_icon font_icon=&#8221;&#xf10d;||fa||900&#8243; icon_color=&#8221;gcid-secondary-color&#8221; module_class=&#8221;ai_ignore_font_icon&#8221; _builder_version=&#8221;4.24.3&#8243; _module_preset=&#8221;e1bb7f25-3cb3-46ff-8d8e-70235688eba8&#8243; locked=&#8221;off&#8221; global_colors_info=&#8221;{%22gcid-secondary-color%22:%91%22icon_color%22%93,%22gcid-f2943306-fa6c-45f0-b632-5fc00151366a%22:%91%22icon_color%22%93}&#8221;][\/et_pb_icon][et_pb_text _builder_version=&#8221;4.24.3&#8243; _module_preset=&#8221;2c55a9c4-feed-423b-9edb-ae0b5b365cac&#8221; locked=&#8221;off&#8221; global_colors_info=&#8221;{}&#8221;]&#8221;DAXS hat unsere IT-Infrastruktur mit ihren Vor-Ort-Services erheblich verbessert. Ihr Team ist kompetent und zuverl\u00e4ssig.&#8221; &#8211; Max M\u00fcller, IT-Leiter[\/et_pb_text][\/et_pb_column][et_pb_column type=&#8221;1_3&#8243; _builder_version=&#8221;4.16&#8243; _module_preset=&#8221;73121f80-a3ef-4484-8763-c3f18e3c56d2&#8243; global_colors_info=&#8221;{}&#8221;][et_pb_icon font_icon=&#8221;&#xf10d;||fa||900&#8243; icon_color=&#8221;gcid-secondary-color&#8221; module_class=&#8221;ai_ignore_font_icon&#8221; _builder_version=&#8221;4.24.3&#8243; _module_preset=&#8221;e1bb7f25-3cb3-46ff-8d8e-70235688eba8&#8243; locked=&#8221;off&#8221; global_colors_info=&#8221;{%22gcid-secondary-color%22:%91%22icon_color%22%93,%22gcid-f2943306-fa6c-45f0-b632-5fc00151366a%22:%91%22icon_color%22%93}&#8221;][\/et_pb_icon][et_pb_text _builder_version=&#8221;4.24.3&#8243; _module_preset=&#8221;2c55a9c4-feed-423b-9edb-ae0b5b365cac&#8221; locked=&#8221;off&#8221; global_colors_info=&#8221;{}&#8221;]&#8221;Dank der Lizenzberatung von DAXS konnten wir unsere Softwarekosten deutlich senken. Ihre Expertise ist unschlagbar.&#8221; &#8211; Anna Schmidt, CFO[\/et_pb_text][\/et_pb_column][et_pb_column type=&#8221;1_3&#8243; _builder_version=&#8221;4.16&#8243; _module_preset=&#8221;73121f80-a3ef-4484-8763-c3f18e3c56d2&#8243; global_colors_info=&#8221;{}&#8221;][et_pb_icon font_icon=&#8221;&#xf10d;||fa||900&#8243; icon_color=&#8221;gcid-secondary-color&#8221; module_class=&#8221;ai_ignore_font_icon&#8221; _builder_version=&#8221;4.24.3&#8243; _module_preset=&#8221;e1bb7f25-3cb3-46ff-8d8e-70235688eba8&#8243; locked=&#8221;off&#8221; global_colors_info=&#8221;{%22gcid-secondary-color%22:%91%22icon_color%22%93,%22gcid-f2943306-fa6c-45f0-b632-5fc00151366a%22:%91%22icon_color%22%93}&#8221;][\/et_pb_icon][et_pb_text _builder_version=&#8221;4.24.3&#8243; _module_preset=&#8221;2c55a9c4-feed-423b-9edb-ae0b5b365cac&#8221; locked=&#8221;off&#8221; global_colors_info=&#8221;{}&#8221;]&#8221;Die Kommunikationsl\u00f6sungen von DAXS haben unsere internen Abl\u00e4ufe optimiert. Wir sind sehr zufrieden mit dem Service.&#8221; &#8211; Peter Fischer, Gesch\u00e4ftsf\u00fchrer[\/et_pb_text][\/et_pb_column][\/et_pb_row][\/et_pb_section]<\/p>\n","protected":false},"excerpt":{"rendered":"<div class=\"et_pb_module dsm_typing_effect dsm_typing_effect_0 et_pb_bg_layout_light \">\n\t\t\t\t\n\t\t\t\t\n\t\t\t\t\n\t\t\t\t\n\t\t\t\t\n\t\t\t\t\n\t\t\t\t<div class=\"et_pb_module_inner\">\n\t\t\t\t\t<h1 class=\"dsm-typing-effect et_pb_module_header\"><span class=\"dsm-before-typing-effect\">&#8221;DAXS&nbsp;<\/span><span class=\"dsm-typing-wrapper\"><span class=\"dsm-typing-strings\">&#8221;stabile<\/span><span class=\"dsm-typing\" data-dsm-typing-cursor=\"|\" data-dsm-typing-strings=\"&amp;#8221;stabile\" data-dsm-typing-speed=100ms data-dsm-typing-backspeed=50ms data-dsm-typing-backdelay=700ms data-dsm-typing-loop=true data-dsm-typing-fadeout=false data-dsm-typing-shuffle=false data-dsm-typing-delay=0ms data-dsm-typing-viewport=80% data-dsm-typing-repeat=on><\/span><\/span><\/h1>\n\t\t\t\t<\/div>\n\t\t\t<\/div>\n","protected":false},"author":1,"featured_media":0,"parent":0,"menu_order":0,"comment_status":"closed","ping_status":"closed","template":"","meta":{"_et_pb_use_builder":"on","_et_pb_old_content":"","_et_gb_content_width":"","inline_featured_image":false,"advanced_seo_description":"","jetpack_seo_html_title":"","jetpack_seo_noindex":false,"footnotes":""},"class_list":["post-47","page","type-page","status-publish","hentry"],"featured_image_src":null,"jetpack_sharing_enabled":true,"_links":{"self":[{"href":"https:\/\/www2.land-oberoesterreich.com\/de\/wp-json\/wp\/v2\/pages\/47","targetHints":{"allow":["GET"]}}],"collection":[{"href":"https:\/\/www2.land-oberoesterreich.com\/de\/wp-json\/wp\/v2\/pages"}],"about":[{"href":"https:\/\/www2.land-oberoesterreich.com\/de\/wp-json\/wp\/v2\/types\/page"}],"author":[{"embeddable":true,"href":"https:\/\/www2.land-oberoesterreich.com\/de\/wp-json\/wp\/v2\/users\/1"}],"replies":[{"embeddable":true,"href":"https:\/\/www2.land-oberoesterreich.com\/de\/wp-json\/wp\/v2\/comments?post=47"}],"version-history":[{"count":16,"href":"https:\/\/www2.land-oberoesterreich.com\/de\/wp-json\/wp\/v2\/pages\/47\/revisions"}],"predecessor-version":[{"id":570,"href":"https:\/\/www2.land-oberoesterreich.com\/de\/wp-json\/wp\/v2\/pages\/47\/revisions\/570"}],"wp:attachment":[{"href":"https:\/\/www2.land-oberoesterreich.com\/de\/wp-json\/wp\/v2\/media?parent=47"}],"curies":[{"name":"wp","href":"https:\/\/api.w.org\/{rel}","templated":true}]}}